{"id":2187,"date":"2024-09-28T04:17:07","date_gmt":"2024-09-28T04:17:07","guid":{"rendered":"https:\/\/c2lc2.com\/?page_id=2187"},"modified":"2024-09-28T04:20:47","modified_gmt":"2024-09-28T04:20:47","slug":"terms-and-agreements","status":"publish","type":"page","link":"https:\/\/c2lc2.com\/index.php\/terms-and-agreements\/","title":{"rendered":"terms and agreements"},"content":{"rendered":"<h2>Termes et Accords sur le site officiel du C2LC2 https:\/\/c2lc2.com\/<\/h2>\n<p><em>Sur https:\/\/c2lc2.com\/, nous nous effor\u00e7ons de fournir \u00e0 nos clients des produits num\u00e9riques de haute qualit\u00e9 qui r\u00e9pondent \u00e0 leurs besois et qu&rsquo;il est compatible avec ses syst\u00e8mes.<\/em><\/p>\n<p><em>Si vous avez des questions ou des pr\u00e9occupations concernant un produit num\u00e9rique avant de proc\u00e9der \u00e0 un achat, n&rsquo;h\u00e9sitez pas \u00e0 contacter notre \u00e9quipe d&rsquo;assistance client\u00e8le pour obtenir de l&rsquo;aide. Cependant, une fois l&rsquo;achat effectu\u00e9, nous ne pourrons pas \u00e9mettre de remboursement pour quelque raison que ce soit.<\/em><br \/>\n<em>Nous comprenons qu&rsquo;il peut arriver qu&rsquo;un produit num\u00e9rique ne r\u00e9ponde pas aux attentes de l&rsquo;acheteur. Dans de tels cas, nous encourageons nos clients \u00e0 contacter notre \u00e9quipe d&rsquo;assistance client\u00e8le pour voir si nous pouvons les aider dans leur achat. Cependant, veuillez noter que nous ne pourrons pas proc\u00e9der \u00e0 un remboursement ni fournir un produit de remplacement pour quelque raison que ce soit.<\/em><\/p>\n<p><em>Merci de comprendre notre politique de non-remboursement pour les produits num\u00e9riques achet\u00e9s sur https:\/\/c2lc2.com\/.<\/em><\/p>\n<p><em>Nous appr\u00e9cions votre soutien et esp\u00e9rons pouvoir vous servir \u00e0 l&rsquo;avenir.<\/em><\/p>\n<p><em>pour plus de details contactez notre equipe par email au\u00a0<strong>c2lc2@c2lc2.com\u00a0<\/strong>ns et \u00e0 leurs attentes. Cependant, en raison de la nature des produits num\u00e9riques, tous les achats effectu\u00e9s sur notre site Web sont consid\u00e9r\u00e9s comme non remboursables.<\/em><\/p>\n<p><em>En achetant des produits num\u00e9riques tels qu&rsquo;un abonnement ou des contenus t\u00e9l\u00e9chargeables sur https:\/\/c2lc2.com\/, vous reconnaissez et acceptez que le produit est vendu \u00ab tel quel \u00bb, sans aucune garantie, expresse ou implicite, sauf indication contraire dans la description du produit.<\/em><br \/>\n<em>Veuillez noter qu&rsquo;une fois qu&rsquo;un produit num\u00e9rique a \u00e9t\u00e9 achet\u00e9 et t\u00e9l\u00e9charg\u00e9, il incombe \u00e0 l&rsquo;acheteur de s&rsquo;assurer qu&rsquo;il r\u00e9pond \u00e0 ses exigence<\/em><\/p>\n","protected":false},"excerpt":{"rendered":"<p>Termes et Accords sur le site officiel du C2LC2 https:\/\/c2lc2.com\/ Sur https:\/\/c2lc2.com\/, nous nous effor\u00e7ons de fournir \u00e0 nos clients des produits num\u00e9riques de haute qualit\u00e9 qui r\u00e9pondent \u00e0 leurs besois et qu&rsquo;il est compatible avec ses syst\u00e8mes. Si vous avez des questions ou des pr\u00e9occupations concernant un produit num\u00e9rique avant de proc\u00e9der \u00e0 un&hellip;<\/p>\n","protected":false},"author":1,"featured_media":0,"parent":0,"menu_order":0,"comment_status":"closed","ping_status":"closed","template":"","meta":{"footnotes":""},"class_list":["post-2187","page","type-page","status-publish","hentry"],"jetpack_sharing_enabled":true,"_links":{"self":[{"href":"https:\/\/c2lc2.com\/index.php\/wp-json\/wp\/v2\/pages\/2187","targetHints":{"allow":["GET"]}}],"collection":[{"href":"https:\/\/c2lc2.com\/index.php\/wp-json\/wp\/v2\/pages"}],"about":[{"href":"https:\/\/c2lc2.com\/index.php\/wp-json\/wp\/v2\/types\/page"}],"author":[{"embeddable":true,"href":"https:\/\/c2lc2.com\/index.php\/wp-json\/wp\/v2\/users\/1"}],"replies":[{"embeddable":true,"href":"https:\/\/c2lc2.com\/index.php\/wp-json\/wp\/v2\/comments?post=2187"}],"version-history":[{"count":3,"href":"https:\/\/c2lc2.com\/index.php\/wp-json\/wp\/v2\/pages\/2187\/revisions"}],"predecessor-version":[{"id":2190,"href":"https:\/\/c2lc2.com\/index.php\/wp-json\/wp\/v2\/pages\/2187\/revisions\/2190"}],"wp:attachment":[{"href":"https:\/\/c2lc2.com\/index.php\/wp-json\/wp\/v2\/media?parent=2187"}],"curies":[{"name":"wp","href":"https:\/\/api.w.org\/{rel}","templated":true}]}}